{"id":5946,"date":"2024-07-19T19:57:10","date_gmt":"2024-07-19T17:57:10","guid":{"rendered":"https:\/\/hauslebensquell.de\/hlq-team\/"},"modified":"2025-09-25T15:28:29","modified_gmt":"2025-09-25T13:28:29","slug":"hlq-team","status":"publish","type":"page","link":"https:\/\/hauslebensquell.de\/?page_id=5946","title":{"rendered":"HLQ Team"},"content":{"rendered":"\t\t<div data-elementor-type=\"wp-page\" data-elementor-id=\"5946\" class=\"elementor elementor-5946\" data-elementor-post-type=\"page\">\n\t\t\t\t<div class=\"elementor-element elementor-element-674a512c e-flex e-con-boxed e-con e-parent\" data-id=\"674a512c\" data-element_type=\"container\" data-e-type=\"container\" data-settings=\"{&quot;background_background&quot;:&quot;classic&quot;}\">\n\t\t\t\t\t<div class=\"e-con-inner\">\n\t\t\t\t<div class=\"elementor-element elementor-element-59775e54 elementor-widget elementor-widget-heading\" data-id=\"59775e54\" data-element_type=\"widget\" data-e-type=\"widget\" data-widget_type=\"heading.default\">\n\t\t\t\t<div class=\"elementor-widget-container\">\n\t\t\t\t\t<h1 class=\"elementor-heading-title elementor-size-default\">Das Team<\/h1>\t\t\t\t<\/div>\n\t\t\t\t<\/div>\n\t\t\t\t<div class=\"elementor-element elementor-element-1f48262e elementor-widget elementor-widget-heading\" data-id=\"1f48262e\" data-element_type=\"widget\" data-e-type=\"widget\" data-widget_type=\"heading.default\">\n\t\t\t\t<div class=\"elementor-widget-container\">\n\t\t\t\t\t<p class=\"elementor-heading-title elementor-size-default\">im Haus Lebensquell<\/p>\t\t\t\t<\/div>\n\t\t\t\t<\/div>\n\t\t\t\t\t<\/div>\n\t\t\t\t<\/div>\n\t\t<div class=\"elementor-element elementor-element-3c57579a e-flex e-con-boxed e-con e-parent\" data-id=\"3c57579a\" data-element_type=\"container\" data-e-type=\"container\">\n\t\t\t\t\t<div class=\"e-con-inner\">\n\t\t\t\t<div class=\"elementor-element elementor-element-7127dfe elementor-widget elementor-widget-heading\" data-id=\"7127dfe\" data-element_type=\"widget\" data-e-type=\"widget\" data-widget_type=\"heading.default\">\n\t\t\t\t<div class=\"elementor-widget-container\">\n\t\t\t\t\t<p class=\"elementor-heading-title elementor-size-default\">Unser Team besteht aus engagierten Christen, die sich leidenschaftlich daf\u00fcr einsetzen, die Liebe Gottes zu verbreiten. \nGemeinsam arbeiten wir daran, inspirierende Inhalte bereitzustellen und spirituelle Ressourcen anzubieten, die Menschen in ihrem Glaubensweg unterst\u00fctzen.<\/p>\t\t\t\t<\/div>\n\t\t\t\t<\/div>\n\t\t\t\t\t<\/div>\n\t\t\t\t<\/div>\n\t\t<div class=\"elementor-element elementor-element-ea74564 e-flex e-con-boxed e-con e-parent\" data-id=\"ea74564\" data-element_type=\"container\" data-e-type=\"container\">\n\t\t\t\t\t<div class=\"e-con-inner\">\n\t\t\t\t<div class=\"elementor-element elementor-element-e5c9e2d elementor-widget elementor-widget-meafe-team-carousel\" data-id=\"e5c9e2d\" data-element_type=\"widget\" data-e-type=\"widget\" data-settings=\"{&quot;btcccs_team_member_show_carousel_loop&quot;:&quot;yes&quot;,&quot;btcccs_team_member_layouts&quot;:&quot;1&quot;,&quot;btcccs_team_member_show_carousel_auto&quot;:&quot;yes&quot;,&quot;btcccs_team_member_carousel_autoplay_speed&quot;:3000}\" data-widget_type=\"meafe-team-carousel.default\">\n\t\t\t\t<div class=\"elementor-widget-container\">\n\t\t\t\t\t        <div id=\"e5c9e2d\" class=\"meafe-team-carousel-wrapper-main layout-1\">\n            <div class=\"meafe-team-inner-wrap\">\n                <div class=\"swiper\">\n                    <div class=\"swiper-wrapper\">\n                                                    <div class=\"meafe-team-wrap swiper-slide\">\n                                                                                                    <div class=\"meafe-team-fig\">\n                                        <figure class=\"meafe-member-figure\">\n                                            <img decoding=\"async\" src=\"https:\/\/hauslebensquell.de\/wp-content\/uploads\/2024\/07\/Patrick_Will_370_370-1.jpg\" title=\"Patrick_Will_370_370\" alt=\"Patrick_Will_370_370\" loading=\"lazy\" \/>                                        <\/figure>\n                                    <\/div>\n                                                                <div class=\"meafe-member-body\">\n                                    <h3 class=\"meafe-member-name\">Patrick Will<\/h3>                                                                            <div class=\"meafe-member-position\">Leiter des Hauses und der Gemeinschaft<\/div>\n                                                                                                            <ul class=\"meafe-team-member-social-profiles\">\n                                                                                                                                                                                                                                                                                                                            <\/ul>\n                                                                            <div class=\"meafe-member-bio\">\n                                            <p>Pastor, psychologischer Berater, beratender Seelsorger, Supervisor (EASC) geistlicher Begleiter, Trainer und Theologe, Mitglied in der Akademie f\u00fcr Psychotherapie und Seelsorge.<\/p>\n                                        <\/div>\n                                                                    <\/div>\n                                                                                                                            <\/div>\n                                                    <div class=\"meafe-team-wrap swiper-slide\">\n                                                                                                    <div class=\"meafe-team-fig\">\n                                        <figure class=\"meafe-member-figure\">\n                                            <img decoding=\"async\" src=\"https:\/\/hauslebensquell.de\/wp-content\/uploads\/2024\/09\/Daphne_Will_370_370.jpg\" title=\"Daphne_Will_370_370\" alt=\"Daphne_Will_370_370\" loading=\"lazy\" \/>                                        <\/figure>\n                                    <\/div>\n                                                                <div class=\"meafe-member-body\">\n                                    <h3 class=\"meafe-member-name\">Daphne Will<\/h3>                                                                            <div class=\"meafe-member-position\">Leitung Hauswirtschaft, Physiotherapeutin<\/div>\n                                                                                                            <ul class=\"meafe-team-member-social-profiles\">\n                                                                                                                                                                                                                                                                                                                            <\/ul>\n                                                                            <div class=\"meafe-member-bio\">\n                                            <p>Seit 2013 Physiotherapeutin mit eigener Praxis. Osteopathin i.A., Gemeindediakonin, beratende Seelsorgerin, Mitglied in der Akademie f\u00fcr Psychotherapie und Seelsorge.<\/p>\n                                        <\/div>\n                                                                    <\/div>\n                                                                                                                            <\/div>\n                                                    <div class=\"meafe-team-wrap swiper-slide\">\n                                                                                                    <div class=\"meafe-team-fig\">\n                                        <figure class=\"meafe-member-figure\">\n                                            <img decoding=\"async\" src=\"https:\/\/hauslebensquell.de\/wp-content\/uploads\/2025\/09\/2022_04_Helga.jpg\" title=\"2022_04_Helga\" alt=\"2022_04_Helga\" loading=\"lazy\" \/>                                        <\/figure>\n                                    <\/div>\n                                                                <div class=\"meafe-member-body\">\n                                    <h3 class=\"meafe-member-name\">Helga Wickenh\u00f6fer<\/h3>                                                                            <div class=\"meafe-member-position\">Verwaltung, Seelsorge, K\u00fcchenteam<\/div>\n                                                                                                            <ul class=\"meafe-team-member-social-profiles\">\n                                                                                                                                                                                                                                                                                                                            <\/ul>\n                                                                            <div class=\"meafe-member-bio\">\n                                            <p>B\u00fcro und \u00d6ffentlichkeitsarbeit. Beratende Seelsorgerin, ehrenamtliche Suchtberaterin. Mitglied in der Akademie f\u00fcr Psychotherapie und Seelsorge.<\/p>\n                                        <\/div>\n                                                                    <\/div>\n                                                                                                                            <\/div>\n                                                    <div class=\"meafe-team-wrap swiper-slide\">\n                                                                                                    <div class=\"meafe-team-fig\">\n                                        <figure class=\"meafe-member-figure\">\n                                            <img decoding=\"async\" src=\"https:\/\/hauslebensquell.de\/wp-content\/uploads\/2025\/09\/Heike-scaled-1.jpg\" title=\"Heike-scaled\" alt=\"Heike-scaled\" loading=\"lazy\" \/>                                        <\/figure>\n                                    <\/div>\n                                                                <div class=\"meafe-member-body\">\n                                    <h3 class=\"meafe-member-name\">Heike Kaufmann<\/h3>                                                                            <div class=\"meafe-member-position\">Buchhaltung<\/div>\n                                                                                                            <ul class=\"meafe-team-member-social-profiles\">\n                                                                                                                                                                                                                                                                                                                            <\/ul>\n                                                                            <div class=\"meafe-member-bio\">\n                                            <p>Sie hat die Zahlen im Blick.<\/p>\n                                        <\/div>\n                                                                    <\/div>\n                                                                                                                            <\/div>\n                                                    <div class=\"meafe-team-wrap swiper-slide\">\n                                                                                                    <div class=\"meafe-team-fig\">\n                                        <figure class=\"meafe-member-figure\">\n                                            <img decoding=\"async\" src=\"https:\/\/hauslebensquell.de\/wp-content\/uploads\/2024\/07\/ich_web_370_370.jpg\" title=\"ich_web_370_370\" alt=\"ich_web_370_370\" loading=\"lazy\" \/>                                        <\/figure>\n                                    <\/div>\n                                                                <div class=\"meafe-member-body\">\n                                    <h3 class=\"meafe-member-name\">Andr\u00e9 Firsching<\/h3>                                                                            <div class=\"meafe-member-position\">IT und Website <\/div>\n                                                                                                            <ul class=\"meafe-team-member-social-profiles\">\n                                                                                                                                                                                                                                                                                                                            <\/ul>\n                                                                            <div class=\"meafe-member-bio\">\n                                            <p>Technische Unterst\u00fctzung und Ansprechpartner bei IT Fragen und dem Webauftritt. <\/p>\n                                        <\/div>\n                                                                    <\/div>\n                                                                                                                            <\/div>\n                                                    <div class=\"meafe-team-wrap swiper-slide\">\n                                                                                                    <div class=\"meafe-team-fig\">\n                                        <figure class=\"meafe-member-figure\">\n                                            <img decoding=\"async\" src=\"https:\/\/hauslebensquell.de\/wp-content\/uploads\/2025\/04\/2024_Gaby-e1758806804602.jpg\" title=\"2024_Gaby\" alt=\"2024_Gaby\" loading=\"lazy\" \/>                                        <\/figure>\n                                    <\/div>\n                                                                <div class=\"meafe-member-body\">\n                                    <h3 class=\"meafe-member-name\">Gaby Herkert<\/h3>                                                                            <div class=\"meafe-member-position\">Hauswirtschaft<\/div>\n                                                                                                            <ul class=\"meafe-team-member-social-profiles\">\n                                                                                                                                                                                                                                                                                                                            <\/ul>\n                                                                            <div class=\"meafe-member-bio\">\n                                            <p>Sie und Robo haben Zimmer und B\u00e4der im Blick.<\/p>\n                                        <\/div>\n                                                                    <\/div>\n                                                                                                                            <\/div>\n                                            <\/div>\n                <\/div>\n                            <\/div>\n        <\/div>\n        \t\t\t\t<\/div>\n\t\t\t\t<\/div>\n\t\t\t\t\t<\/div>\n\t\t\t\t<\/div>\n\t\t\t\t<\/div>\n\t\t","protected":false},"excerpt":{"rendered":"<p>Das Team im Haus Lebensquell Unser Team besteht aus engagierten Christen, die sich leidenschaftlich daf\u00fcr einsetzen, die Liebe Gottes zu verbreiten. Gemeinsam arbeiten wir daran, inspirierende Inhalte bereitzustellen und spirituelle Ressourcen anzubieten, die Menschen in ihrem Glaubensweg unterst\u00fctzen. Patrick Will Leiter des Hauses und der Gemeinschaft Pastor, psychologischer Berater, beratender Seelsorger, Supervisor (EASC) geistlicher Begleiter, [&hellip;]<\/p>\n<div class=\"read-more\"><a href=\"https:\/\/hauslebensquell.de\/?page_id=5946\" class=\"read-more-link\">Read More&#8230;<\/a><\/div>\n","protected":false},"author":1,"featured_media":0,"parent":0,"menu_order":0,"comment_status":"closed","ping_status":"closed","template":"elementor_header_footer","meta":{"footnotes":""},"class_list":["post-5946","page","type-page","status-publish","hentry"],"_links":{"self":[{"href":"https:\/\/hauslebensquell.de\/index.php?rest_route=\/wp\/v2\/pages\/5946","targetHints":{"allow":["GET"]}}],"collection":[{"href":"https:\/\/hauslebensquell.de\/index.php?rest_route=\/wp\/v2\/pages"}],"about":[{"href":"https:\/\/hauslebensquell.de\/index.php?rest_route=\/wp\/v2\/types\/page"}],"author":[{"embeddable":true,"href":"https:\/\/hauslebensquell.de\/index.php?rest_route=\/wp\/v2\/users\/1"}],"replies":[{"embeddable":true,"href":"https:\/\/hauslebensquell.de\/index.php?rest_route=%2Fwp%2Fv2%2Fcomments&post=5946"}],"version-history":[{"count":0,"href":"https:\/\/hauslebensquell.de\/index.php?rest_route=\/wp\/v2\/pages\/5946\/revisions"}],"wp:attachment":[{"href":"https:\/\/hauslebensquell.de\/index.php?rest_route=%2Fwp%2Fv2%2Fmedia&parent=5946"}],"curies":[{"name":"wp","href":"https:\/\/api.w.org\/{rel}","templated":true}]}}